{"id":1310,"date":"2022-01-25T18:58:23","date_gmt":"2022-01-25T21:58:23","guid":{"rendered":"https:\/\/binsarg.com\/?page_id=1310"},"modified":"2024-09-24T16:57:21","modified_gmt":"2024-09-24T19:57:21","slug":"community","status":"publish","type":"page","link":"https:\/\/binsarg.com\/?page_id=1310","title":{"rendered":"Community"},"content":{"rendered":"\t\t<div data-elementor-type=\"wp-page\" data-elementor-id=\"1310\" class=\"elementor elementor-1310\">\n\t\t\t\t\t\t<section class=\"elementor-section elementor-top-section elementor-element elementor-element-d6a3864 elementor-section-height-min-height elementor-section-boxed elementor-section-height-default elementor-section-items-middle\" data-id=\"d6a3864\" data-element_type=\"section\">\n\t\t\t\t\t\t<div class=\"elementor-container elementor-column-gap-default\">\n\t\t\t\t\t<div class=\"elementor-column elementor-col-100 elementor-top-column elementor-element elementor-element-b416d00\" data-id=\"b416d00\" data-element_type=\"column\">\n\t\t\t<div class=\"elementor-widget-wrap elementor-element-populated\">\n\t\t\t\t\t\t<div class=\"elementor-element elementor-element-2ee0b1e elementor-widget elementor-widget-heading\" data-id=\"2ee0b1e\" data-element_type=\"widget\" data-widget_type=\"heading.default\">\n\t\t\t\t<div class=\"elementor-widget-container\">\n\t\t\t\t\t<h2 class=\"elementor-heading-title elementor-size-default\">Community Manager<\/h2>\t\t\t\t<\/div>\n\t\t\t\t<\/div>\n\t\t\t\t\t<\/div>\n\t\t<\/div>\n\t\t\t\t\t<\/div>\n\t\t<\/section>\n\t\t\t\t<section class=\"elementor-section elementor-top-section elementor-element elementor-element-9d721d1 elementor-section-boxed elementor-section-height-default elementor-section-height-default\" data-id=\"9d721d1\" data-element_type=\"section\">\n\t\t\t\t\t\t<div class=\"elementor-container elementor-column-gap-default\">\n\t\t\t\t\t<div class=\"elementor-column elementor-col-50 elementor-top-column elementor-element elementor-element-e85c008\" data-id=\"e85c008\" data-element_type=\"column\" data-settings=\"{&quot;background_background&quot;:&quot;classic&quot;}\">\n\t\t\t<div class=\"elementor-widget-wrap elementor-element-populated\">\n\t\t\t\t\t\t<div class=\"elementor-element elementor-element-18cf994 elementor-widget elementor-widget-text-editor\" data-id=\"18cf994\" data-element_type=\"widget\" data-widget_type=\"text-editor.default\">\n\t\t\t\t<div class=\"elementor-widget-container\">\n\t\t\t\t\t\t\t\t\t<p>Muchas personas creen que con crear una p\u00e1gina web es suficiente para incorporarse al mundo virtual, sin embargo, eso no es del todo cierto. Si no generan tr\u00e1fico a su sitio, este no tendr\u00eda ning\u00fan sentido. La publicidad en redes va totalmente de la mano con el \u00e9xito en la web.<\/p>\t\t\t\t\t\t\t\t<\/div>\n\t\t\t\t<\/div>\n\t\t\t\t\t<\/div>\n\t\t<\/div>\n\t\t\t\t<div class=\"elementor-column elementor-col-50 elementor-top-column elementor-element elementor-element-dc1ed55\" data-id=\"dc1ed55\" data-element_type=\"column\">\n\t\t\t<div class=\"elementor-widget-wrap elementor-element-populated\">\n\t\t\t\t\t\t<div class=\"elementor-element elementor-element-e07595f elementor-widget elementor-widget-image\" data-id=\"e07595f\" data-element_type=\"widget\" data-widget_type=\"image.default\">\n\t\t\t\t<div class=\"elementor-widget-container\">\n\t\t\t\t\t\t\t\t\t\t\t\t\t\t\t<img fetchpriority=\"high\" decoding=\"async\" width=\"1024\" height=\"682\" src=\"https:\/\/binsarg.com\/wp-content\/uploads\/2022\/01\/social-media-manager-1958769-1024x682.jpg\" class=\"attachment-large size-large wp-image-1533\" alt=\"social, media, manager-1958769.jpg\" srcset=\"https:\/\/binsarg.com\/wp-content\/uploads\/2022\/01\/social-media-manager-1958769-1024x682.jpg 1024w, https:\/\/binsarg.com\/wp-content\/uploads\/2022\/01\/social-media-manager-1958769-300x200.jpg 300w, https:\/\/binsarg.com\/wp-content\/uploads\/2022\/01\/social-media-manager-1958769-768x512.jpg 768w, https:\/\/binsarg.com\/wp-content\/uploads\/2022\/01\/social-media-manager-1958769-930x620.jpg 930w, https:\/\/binsarg.com\/wp-content\/uploads\/2022\/01\/social-media-manager-1958769.jpg 1280w\" sizes=\"(max-width: 1024px) 100vw, 1024px\" \/>\t\t\t\t\t\t\t\t\t\t\t\t\t\t\t<\/div>\n\t\t\t\t<\/div>\n\t\t\t\t\t<\/div>\n\t\t<\/div>\n\t\t\t\t\t<\/div>\n\t\t<\/section>\n\t\t\t\t<section class=\"elementor-section elementor-top-section elementor-element elementor-element-83522db elementor-section-boxed elementor-section-height-default elementor-section-height-default\" data-id=\"83522db\" data-element_type=\"section\">\n\t\t\t\t\t\t<div class=\"elementor-container elementor-column-gap-default\">\n\t\t\t\t\t<div class=\"elementor-column elementor-col-50 elementor-top-column elementor-element elementor-element-29bb0a4\" data-id=\"29bb0a4\" data-element_type=\"column\">\n\t\t\t<div class=\"elementor-widget-wrap elementor-element-populated\">\n\t\t\t\t\t\t<div class=\"elementor-element elementor-element-1225571 elementor-widget elementor-widget-image\" data-id=\"1225571\" data-element_type=\"widget\" data-widget_type=\"image.default\">\n\t\t\t\t<div class=\"elementor-widget-container\">\n\t\t\t\t\t\t\t\t\t\t\t\t\t\t\t<img decoding=\"async\" width=\"1024\" height=\"724\" src=\"https:\/\/binsarg.com\/wp-content\/uploads\/2022\/01\/woman-face-head-241328-1024x724.jpg\" class=\"attachment-large size-large wp-image-1535\" alt=\"woman, face, head-241328.jpg\" srcset=\"https:\/\/binsarg.com\/wp-content\/uploads\/2022\/01\/woman-face-head-241328-1024x724.jpg 1024w, https:\/\/binsarg.com\/wp-content\/uploads\/2022\/01\/woman-face-head-241328-300x212.jpg 300w, https:\/\/binsarg.com\/wp-content\/uploads\/2022\/01\/woman-face-head-241328-768x543.jpg 768w, https:\/\/binsarg.com\/wp-content\/uploads\/2022\/01\/woman-face-head-241328.jpg 1280w\" sizes=\"(max-width: 1024px) 100vw, 1024px\" \/>\t\t\t\t\t\t\t\t\t\t\t\t\t\t\t<\/div>\n\t\t\t\t<\/div>\n\t\t\t\t\t<\/div>\n\t\t<\/div>\n\t\t\t\t<div class=\"elementor-column elementor-col-50 elementor-top-column elementor-element elementor-element-61c1199\" data-id=\"61c1199\" data-element_type=\"column\" data-settings=\"{&quot;background_background&quot;:&quot;classic&quot;}\">\n\t\t\t<div class=\"elementor-widget-wrap elementor-element-populated\">\n\t\t\t\t\t\t<div class=\"elementor-element elementor-element-5046090 elementor-widget elementor-widget-text-editor\" data-id=\"5046090\" data-element_type=\"widget\" data-widget_type=\"text-editor.default\">\n\t\t\t\t<div class=\"elementor-widget-container\">\n\t\t\t\t\t\t\t\t\t<p>Hoy en d\u00eda las redes sociales se llevan el mayor caudal de visitas en el mundo de internet. Por eso sabemos que es primordial que tu negocio debe tener su Fan Page de Facebook totalmente actualizada y optimizada para llevar adelante campa\u00f1as ya sea para promocionar las publicaciones que realices, promocionar tu p\u00e1gina de fans o buscar atraer a m\u00e1s personas a tu sitio web.<\/p><p>Instagram es al d\u00eda de hoy la red social m\u00e1s popular en el mundo. Ha ido ganando adeptos en masa por lo tanto, si buscamos afianzar nuestra imagen y tener el mayor protagonismo posible en las redes, es primordial generar contenido de inter\u00e9s.<\/p>\t\t\t\t\t\t\t\t<\/div>\n\t\t\t\t<\/div>\n\t\t\t\t\t<\/div>\n\t\t<\/div>\n\t\t\t\t\t<\/div>\n\t\t<\/section>\n\t\t\t\t<section class=\"elementor-section elementor-top-section elementor-element elementor-element-fe986c8 elementor-section-boxed elementor-section-height-default elementor-section-height-default\" data-id=\"fe986c8\" data-element_type=\"section\">\n\t\t\t\t\t\t<div class=\"elementor-container elementor-column-gap-default\">\n\t\t\t\t\t<div class=\"elementor-column elementor-col-100 elementor-top-column elementor-element elementor-element-39c1727\" data-id=\"39c1727\" data-element_type=\"column\">\n\t\t\t<div class=\"elementor-widget-wrap elementor-element-populated\">\n\t\t\t\t\t\t<div class=\"elementor-element elementor-element-9bf5fab elementor-widget elementor-widget-heading\" data-id=\"9bf5fab\" data-element_type=\"widget\" data-widget_type=\"heading.default\">\n\t\t\t\t<div class=\"elementor-widget-container\">\n\t\t\t\t\t<h2 class=\"elementor-heading-title elementor-size-default\">Planes<\/h2>\t\t\t\t<\/div>\n\t\t\t\t<\/div>\n\t\t\t\t\t<\/div>\n\t\t<\/div>\n\t\t\t\t\t<\/div>\n\t\t<\/section>\n\t\t\t\t<section class=\"elementor-section elementor-top-section elementor-element elementor-element-6c7cc2a elementor-section-boxed elementor-section-height-default elementor-section-height-default\" data-id=\"6c7cc2a\" data-element_type=\"section\">\n\t\t\t\t\t\t<div class=\"elementor-container elementor-column-gap-default\">\n\t\t\t\t\t<div class=\"elementor-column elementor-col-50 elementor-top-column elementor-element elementor-element-1ee46d7\" data-id=\"1ee46d7\" data-element_type=\"column\" data-settings=\"{&quot;background_background&quot;:&quot;classic&quot;}\">\n\t\t\t<div class=\"elementor-widget-wrap elementor-element-populated\">\n\t\t\t\t\t\t<div class=\"elementor-element elementor-element-b40374d elementor-view-default elementor-widget elementor-widget-icon\" data-id=\"b40374d\" data-element_type=\"widget\" data-widget_type=\"icon.default\">\n\t\t\t\t<div class=\"elementor-widget-container\">\n\t\t\t\t\t\t\t<div class=\"elementor-icon-wrapper\">\n\t\t\t<div class=\"elementor-icon\">\n\t\t\t<i aria-hidden=\"true\" class=\"fas fa-user-alt\"><\/i>\t\t\t<\/div>\n\t\t<\/div>\n\t\t\t\t\t\t<\/div>\n\t\t\t\t<\/div>\n\t\t\t\t<div class=\"elementor-element elementor-element-ef99dd3 elementor-widget elementor-widget-image\" data-id=\"ef99dd3\" data-element_type=\"widget\" data-widget_type=\"image.default\">\n\t\t\t\t<div class=\"elementor-widget-container\">\n\t\t\t\t\t\t\t\t\t\t\t\t\t\t\t<img decoding=\"async\" width=\"1024\" height=\"724\" src=\"https:\/\/binsarg.com\/wp-content\/uploads\/2022\/01\/tree-structure-networks-200795-1024x724.jpg\" class=\"attachment-large size-large wp-image-1540\" alt=\"tree, structure, networks-200795.jpg\" srcset=\"https:\/\/binsarg.com\/wp-content\/uploads\/2022\/01\/tree-structure-networks-200795-1024x724.jpg 1024w, https:\/\/binsarg.com\/wp-content\/uploads\/2022\/01\/tree-structure-networks-200795-300x212.jpg 300w, https:\/\/binsarg.com\/wp-content\/uploads\/2022\/01\/tree-structure-networks-200795-768x543.jpg 768w, https:\/\/binsarg.com\/wp-content\/uploads\/2022\/01\/tree-structure-networks-200795.jpg 1280w\" sizes=\"(max-width: 1024px) 100vw, 1024px\" \/>\t\t\t\t\t\t\t\t\t\t\t\t\t\t\t<\/div>\n\t\t\t\t<\/div>\n\t\t\t\t<div class=\"elementor-element elementor-element-778e950 elementor-widget elementor-widget-heading\" data-id=\"778e950\" data-element_type=\"widget\" data-widget_type=\"heading.default\">\n\t\t\t\t<div class=\"elementor-widget-container\">\n\t\t\t\t\t<h3 class=\"elementor-heading-title elementor-size-default\">Plan B\u00e1sico<\/h3>\t\t\t\t<\/div>\n\t\t\t\t<\/div>\n\t\t\t\t<div class=\"elementor-element elementor-element-dd8f088 elementor-widget elementor-widget-text-editor\" data-id=\"dd8f088\" data-element_type=\"widget\" data-widget_type=\"text-editor.default\">\n\t\t\t\t<div class=\"elementor-widget-container\">\n\t\t\t\t\t\t\t\t\t<h4><strong>$ 60.000<\/strong>.- <strong>Mensual<\/strong><\/h4><ul><li>8 Dise\u00f1os de Posteos (2 por semana):Facebook, Instagram, Google My business, Linkedin (opcional)\u00a0<\/li><li>Creaci\u00f3n de <strong>Fanpage\u00a0<\/strong><\/li><li>Recolecci\u00f3n de datos e informaci\u00f3n del rubro<\/li><li>Moderaci\u00f3n de comentarios<\/li><li>Respuestas personalizadas a mensajes directos<\/li><li>Derivaci\u00f3n de consultas espec\u00edficas<\/li><li>Creaci\u00f3n de base de datos de Clientes<\/li><li>Dise\u00f1o de est\u00e9tica principal: imagenes de perfil y portada<\/li><li>Creaci\u00f3n de <strong>Instagram<\/strong> Stories\u00a0<\/li><li>Creaci\u00f3n y segmentaci\u00f3n de campa\u00f1as seg\u00fan objetivos requeridos.<\/li><\/ul>\t\t\t\t\t\t\t\t<\/div>\n\t\t\t\t<\/div>\n\t\t\t\t<div class=\"elementor-element elementor-element-e577149 elementor-align-center elementor-widget elementor-widget-button\" data-id=\"e577149\" data-element_type=\"widget\" data-widget_type=\"button.default\">\n\t\t\t\t<div class=\"elementor-widget-container\">\n\t\t\t\t\t\t\t\t\t<div class=\"elementor-button-wrapper\">\n\t\t\t\t\t<a class=\"elementor-button elementor-button-link elementor-size-sm\" href=\"https:\/\/binsarg.com\/?page_id=808\" id=\"https:\/\/binsarg.com\/?page_id=808\">\n\t\t\t\t\t\t<span class=\"elementor-button-content-wrapper\">\n\t\t\t\t\t\t\t\t\t<span class=\"elementor-button-text\">Contacto YA<\/span>\n\t\t\t\t\t<\/span>\n\t\t\t\t\t<\/a>\n\t\t\t\t<\/div>\n\t\t\t\t\t\t\t\t<\/div>\n\t\t\t\t<\/div>\n\t\t\t\t<div class=\"elementor-element elementor-element-0bdbe66 elementor-shape-rounded elementor-grid-0 e-grid-align-center elementor-widget elementor-widget-social-icons\" data-id=\"0bdbe66\" data-element_type=\"widget\" data-widget_type=\"social-icons.default\">\n\t\t\t\t<div class=\"elementor-widget-container\">\n\t\t\t\t\t\t\t<div class=\"elementor-social-icons-wrapper elementor-grid\">\n\t\t\t\t\t\t\t<span class=\"elementor-grid-item\">\n\t\t\t\t\t<a class=\"elementor-icon elementor-social-icon elementor-social-icon-whatsapp elementor-repeater-item-4724b1d\" href=\"https:\/\/api.whatsapp.com\/send\/?phone=542345518720&#038;text=Hola+Sanitres%21%21+Necesito+informaci%C3%B3n&#038;app_absent=0\" target=\"_blank\">\n\t\t\t\t\t\t<span class=\"elementor-screen-only\">Whatsapp<\/span>\n\t\t\t\t\t\t<i class=\"fab fa-whatsapp\"><\/i>\t\t\t\t\t<\/a>\n\t\t\t\t<\/span>\n\t\t\t\t\t<\/div>\n\t\t\t\t\t\t<\/div>\n\t\t\t\t<\/div>\n\t\t\t\t\t<\/div>\n\t\t<\/div>\n\t\t\t\t<div class=\"elementor-column elementor-col-50 elementor-top-column elementor-element elementor-element-d1b1287\" data-id=\"d1b1287\" data-element_type=\"column\" data-settings=\"{&quot;background_background&quot;:&quot;classic&quot;}\">\n\t\t\t<div class=\"elementor-widget-wrap elementor-element-populated\">\n\t\t\t\t\t\t<div class=\"elementor-element elementor-element-0410ba4 elementor-view-default elementor-widget elementor-widget-icon\" data-id=\"0410ba4\" data-element_type=\"widget\" data-widget_type=\"icon.default\">\n\t\t\t\t<div class=\"elementor-widget-container\">\n\t\t\t\t\t\t\t<div class=\"elementor-icon-wrapper\">\n\t\t\t<div class=\"elementor-icon\">\n\t\t\t<i aria-hidden=\"true\" class=\"fas fa-user-friends\"><\/i>\t\t\t<\/div>\n\t\t<\/div>\n\t\t\t\t\t\t<\/div>\n\t\t\t\t<\/div>\n\t\t\t\t<div class=\"elementor-element elementor-element-0b72cba elementor-widget elementor-widget-image\" data-id=\"0b72cba\" data-element_type=\"widget\" data-widget_type=\"image.default\">\n\t\t\t\t<div class=\"elementor-widget-container\">\n\t\t\t\t\t\t\t\t\t\t\t\t\t\t\t<img loading=\"lazy\" decoding=\"async\" width=\"300\" height=\"200\" src=\"https:\/\/binsarg.com\/wp-content\/uploads\/2022\/01\/social-media-internet-smartphone-6389437-300x200.jpg\" class=\"attachment-medium size-medium wp-image-1541\" alt=\"social media, internet, smartphone-6389437.jpg\" srcset=\"https:\/\/binsarg.com\/wp-content\/uploads\/2022\/01\/social-media-internet-smartphone-6389437-300x200.jpg 300w, https:\/\/binsarg.com\/wp-content\/uploads\/2022\/01\/social-media-internet-smartphone-6389437-1024x682.jpg 1024w, https:\/\/binsarg.com\/wp-content\/uploads\/2022\/01\/social-media-internet-smartphone-6389437-768x512.jpg 768w, https:\/\/binsarg.com\/wp-content\/uploads\/2022\/01\/social-media-internet-smartphone-6389437-930x620.jpg 930w, https:\/\/binsarg.com\/wp-content\/uploads\/2022\/01\/social-media-internet-smartphone-6389437.jpg 1280w\" sizes=\"(max-width: 300px) 100vw, 300px\" \/>\t\t\t\t\t\t\t\t\t\t\t\t\t\t\t<\/div>\n\t\t\t\t<\/div>\n\t\t\t\t<div class=\"elementor-element elementor-element-69ce3d6 elementor-widget elementor-widget-heading\" data-id=\"69ce3d6\" data-element_type=\"widget\" data-widget_type=\"heading.default\">\n\t\t\t\t<div class=\"elementor-widget-container\">\n\t\t\t\t\t<h2 class=\"elementor-heading-title elementor-size-default\">Full<\/h2>\t\t\t\t<\/div>\n\t\t\t\t<\/div>\n\t\t\t\t<div class=\"elementor-element elementor-element-c282fb4 elementor-widget elementor-widget-text-editor\" data-id=\"c282fb4\" data-element_type=\"widget\" data-widget_type=\"text-editor.default\">\n\t\t\t\t<div class=\"elementor-widget-container\">\n\t\t\t\t\t\t\t\t\t<h4><strong>$ 80.000.- <\/strong>\u00a0<strong>Mensual<\/strong><\/h4><ul><li>16 Dise\u00f1os de Posteos (4 por semana):Facebook, Instagram, Google My business, Linkedin (opcional)\u00a0<\/li><li>Creaci\u00f3n de <strong>Fanpage\u00a0<\/strong><\/li><li>Recolecci\u00f3n de datos e informaci\u00f3n del rubro<\/li><li>Moderaci\u00f3n de comentarios<\/li><li>Respuestas personalizadas a mensajes directos<\/li><li>Derivaci\u00f3n de consultas espec\u00edficas<\/li><li>Creaci\u00f3n de base de datos de Clientes<\/li><li>Dise\u00f1o de est\u00e9tica principal: imagenes de perfil y portada<\/li><li>Creaci\u00f3n de <strong>Instagram<\/strong> Stories\u00a0<\/li><li>Creaci\u00f3n y segmentaci\u00f3n de campa\u00f1as seg\u00fan objetivos requeridos.<\/li><\/ul>\t\t\t\t\t\t\t\t<\/div>\n\t\t\t\t<\/div>\n\t\t\t\t<div class=\"elementor-element elementor-element-5a652fe elementor-align-center elementor-widget elementor-widget-button\" data-id=\"5a652fe\" data-element_type=\"widget\" data-widget_type=\"button.default\">\n\t\t\t\t<div class=\"elementor-widget-container\">\n\t\t\t\t\t\t\t\t\t<div class=\"elementor-button-wrapper\">\n\t\t\t\t\t<a class=\"elementor-button elementor-button-link elementor-size-sm\" href=\"https:\/\/binsarg.com\/?page_id=808\">\n\t\t\t\t\t\t<span class=\"elementor-button-content-wrapper\">\n\t\t\t\t\t\t\t\t\t<span class=\"elementor-button-text\">Contacto YA<\/span>\n\t\t\t\t\t<\/span>\n\t\t\t\t\t<\/a>\n\t\t\t\t<\/div>\n\t\t\t\t\t\t\t\t<\/div>\n\t\t\t\t<\/div>\n\t\t\t\t<div class=\"elementor-element elementor-element-a377cc7 elementor-grid-1 elementor-shape-rounded e-grid-align-center elementor-widget elementor-widget-social-icons\" data-id=\"a377cc7\" data-element_type=\"widget\" data-widget_type=\"social-icons.default\">\n\t\t\t\t<div class=\"elementor-widget-container\">\n\t\t\t\t\t\t\t<div class=\"elementor-social-icons-wrapper elementor-grid\">\n\t\t\t\t\t\t\t<span class=\"elementor-grid-item\">\n\t\t\t\t\t<a class=\"elementor-icon elementor-social-icon elementor-social-icon-whatsapp elementor-repeater-item-4724b1d\" href=\"https:\/\/api.whatsapp.com\/send\/?phone=542345518720&#038;text=Hola+Sanitres%21%21+Necesito+informaci%C3%B3n&#038;app_absent=0\" target=\"_blank\">\n\t\t\t\t\t\t<span class=\"elementor-screen-only\">Whatsapp<\/span>\n\t\t\t\t\t\t<i class=\"fab fa-whatsapp\"><\/i>\t\t\t\t\t<\/a>\n\t\t\t\t<\/span>\n\t\t\t\t\t<\/div>\n\t\t\t\t\t\t<\/div>\n\t\t\t\t<\/div>\n\t\t\t\t\t<\/div>\n\t\t<\/div>\n\t\t\t\t\t<\/div>\n\t\t<\/section>\n\t\t\t\t<\/div>\n\t\t","protected":false},"excerpt":{"rendered":"<p>Community Manager Muchas personas creen que con crear una p\u00e1gina web es suficiente para incorporarse al mundo virtual, sin embargo, eso no es del todo cierto. Si no generan tr\u00e1fico a su sitio, este no tendr\u00eda ning\u00fan sentido. La publicidad en redes va totalmente de la mano con el \u00e9xito en la web. Hoy en&hellip;&nbsp;<a href=\"https:\/\/binsarg.com\/?page_id=1310\" rel=\"bookmark\">Leer m\u00e1s &raquo;<span class=\"screen-reader-text\">Community<\/span><\/a><\/p>\n","protected":false},"author":1,"featured_media":0,"parent":0,"menu_order":0,"comment_status":"closed","ping_status":"closed","template":"page-templates\/template-pagebuilder-full-width.php","meta":{"_monsterinsights_skip_tracking":false,"_monsterinsights_sitenote_active":false,"_monsterinsights_sitenote_note":"","_monsterinsights_sitenote_category":0,"neve_meta_sidebar":"","neve_meta_container":"","neve_meta_enable_content_width":"","neve_meta_content_width":0,"neve_meta_title_alignment":"","neve_meta_author_avatar":"","neve_post_elements_order":"","neve_meta_disable_header":"","neve_meta_disable_footer":"","neve_meta_disable_title":"","footnotes":""},"class_list":["post-1310","page","type-page","status-publish","hentry"],"aioseo_notices":[],"_links":{"self":[{"href":"https:\/\/binsarg.com\/index.php?rest_route=\/wp\/v2\/pages\/1310","targetHints":{"allow":["GET"]}}],"collection":[{"href":"https:\/\/binsarg.com\/index.php?rest_route=\/wp\/v2\/pages"}],"about":[{"href":"https:\/\/binsarg.com\/index.php?rest_route=\/wp\/v2\/types\/page"}],"author":[{"embeddable":true,"href":"https:\/\/binsarg.com\/index.php?rest_route=\/wp\/v2\/users\/1"}],"replies":[{"embeddable":true,"href":"https:\/\/binsarg.com\/index.php?rest_route=%2Fwp%2Fv2%2Fcomments&post=1310"}],"version-history":[{"count":37,"href":"https:\/\/binsarg.com\/index.php?rest_route=\/wp\/v2\/pages\/1310\/revisions"}],"predecessor-version":[{"id":2005,"href":"https:\/\/binsarg.com\/index.php?rest_route=\/wp\/v2\/pages\/1310\/revisions\/2005"}],"wp:attachment":[{"href":"https:\/\/binsarg.com\/index.php?rest_route=%2Fwp%2Fv2%2Fmedia&parent=1310"}],"curies":[{"name":"wp","href":"https:\/\/api.w.org\/{rel}","templated":true}]}}