{"id":1306,"date":"2022-01-25T18:57:55","date_gmt":"2022-01-25T21:57:55","guid":{"rendered":"https:\/\/binsarg.com\/?page_id=1306"},"modified":"2024-02-23T18:16:16","modified_gmt":"2024-02-23T21:16:16","slug":"tiendas-on-line","status":"publish","type":"page","link":"https:\/\/binsarg.com\/?page_id=1306","title":{"rendered":"Tiendas on-line"},"content":{"rendered":"\t\t<div data-elementor-type=\"wp-page\" data-elementor-id=\"1306\" class=\"elementor elementor-1306\">\n\t\t\t\t\t\t<section class=\"elementor-section elementor-top-section elementor-element elementor-element-940333b elementor-section-boxed elementor-section-height-default elementor-section-height-default\" data-id=\"940333b\" data-element_type=\"section\">\n\t\t\t\t\t\t<div class=\"elementor-container elementor-column-gap-default\">\n\t\t\t\t\t<div class=\"elementor-column elementor-col-100 elementor-top-column elementor-element elementor-element-8d4f589\" data-id=\"8d4f589\" data-element_type=\"column\">\n\t\t\t<div class=\"elementor-widget-wrap elementor-element-populated\">\n\t\t\t\t\t\t<div class=\"elementor-element elementor-element-6d26317 elementor-widget elementor-widget-heading\" data-id=\"6d26317\" data-element_type=\"widget\" data-widget_type=\"heading.default\">\n\t\t\t\t<div class=\"elementor-widget-container\">\n\t\t\t\t\t<h2 class=\"elementor-heading-title elementor-size-default\">Tiendas on- line<\/h2>\t\t\t\t<\/div>\n\t\t\t\t<\/div>\n\t\t\t\t\t<\/div>\n\t\t<\/div>\n\t\t\t\t\t<\/div>\n\t\t<\/section>\n\t\t\t\t<section class=\"elementor-section elementor-top-section elementor-element elementor-element-dd5f658 elementor-section-boxed elementor-section-height-default elementor-section-height-default\" data-id=\"dd5f658\" data-element_type=\"section\">\n\t\t\t\t\t\t<div class=\"elementor-container elementor-column-gap-default\">\n\t\t\t\t\t<div class=\"elementor-column elementor-col-50 elementor-top-column elementor-element elementor-element-ba81fdd\" data-id=\"ba81fdd\" data-element_type=\"column\" data-settings=\"{&quot;background_background&quot;:&quot;classic&quot;}\">\n\t\t\t<div class=\"elementor-widget-wrap elementor-element-populated\">\n\t\t\t\t\t\t<div class=\"elementor-element elementor-element-2af474c elementor-widget elementor-widget-text-editor\" data-id=\"2af474c\" data-element_type=\"widget\" data-widget_type=\"text-editor.default\">\n\t\t\t\t<div class=\"elementor-widget-container\">\n\t\t\t\t\t\t\t\t\t<p>Tener una\u00a0tienda online o plataforma ecommerce con ventas online\u00a0hoy en d\u00eda es la soluci\u00f3n fundamental para comercios o personas que quieran\u00a0vender por internet\u00a0y llevar su negocio a sus clientes.<\/p><p>Sitios que responden efectivamente en todos los dispositivos m\u00f3viles e integrados con pasarelas de cobro online como Mercado Pago, Todo Pago, Paypal, y otras.<\/p><p>Una tienda online asegura una gran efectividad en tus ventas.\u00a0<\/p>\t\t\t\t\t\t\t\t<\/div>\n\t\t\t\t<\/div>\n\t\t\t\t\t<\/div>\n\t\t<\/div>\n\t\t\t\t<div class=\"elementor-column elementor-col-50 elementor-top-column elementor-element elementor-element-8394d9c\" data-id=\"8394d9c\" data-element_type=\"column\">\n\t\t\t<div class=\"elementor-widget-wrap elementor-element-populated\">\n\t\t\t\t\t\t<div class=\"elementor-element elementor-element-44c8dc0 elementor-widget elementor-widget-image\" data-id=\"44c8dc0\" data-element_type=\"widget\" data-widget_type=\"image.default\">\n\t\t\t\t<div class=\"elementor-widget-container\">\n\t\t\t\t\t\t\t\t\t\t\t\t\t\t\t<img fetchpriority=\"high\" decoding=\"async\" width=\"1024\" height=\"691\" src=\"https:\/\/binsarg.com\/wp-content\/uploads\/2021\/06\/money-coin-investment-2724241-1024x691.jpg\" class=\"attachment-large size-large wp-image-964\" alt=\"money, coin, investment\" srcset=\"https:\/\/binsarg.com\/wp-content\/uploads\/2021\/06\/money-coin-investment-2724241-1024x691.jpg 1024w, https:\/\/binsarg.com\/wp-content\/uploads\/2021\/06\/money-coin-investment-2724241-300x203.jpg 300w, https:\/\/binsarg.com\/wp-content\/uploads\/2021\/06\/money-coin-investment-2724241-768x518.jpg 768w, https:\/\/binsarg.com\/wp-content\/uploads\/2021\/06\/money-coin-investment-2724241-850x574.jpg 850w, https:\/\/binsarg.com\/wp-content\/uploads\/2021\/06\/money-coin-investment-2724241.jpg 1280w\" sizes=\"(max-width: 1024px) 100vw, 1024px\" \/>\t\t\t\t\t\t\t\t\t\t\t\t\t\t\t<\/div>\n\t\t\t\t<\/div>\n\t\t\t\t\t<\/div>\n\t\t<\/div>\n\t\t\t\t\t<\/div>\n\t\t<\/section>\n\t\t\t\t<section class=\"elementor-section elementor-top-section elementor-element elementor-element-7539f77 elementor-section-boxed elementor-section-height-default elementor-section-height-default\" data-id=\"7539f77\" data-element_type=\"section\">\n\t\t\t\t\t\t<div class=\"elementor-container elementor-column-gap-default\">\n\t\t\t\t\t<div class=\"elementor-column elementor-col-100 elementor-top-column elementor-element elementor-element-d6523ac\" data-id=\"d6523ac\" data-element_type=\"column\">\n\t\t\t<div class=\"elementor-widget-wrap elementor-element-populated\">\n\t\t\t\t\t\t<div class=\"elementor-element elementor-element-4089670 elementor-widget elementor-widget-heading\" data-id=\"4089670\" data-element_type=\"widget\" data-widget_type=\"heading.default\">\n\t\t\t\t<div class=\"elementor-widget-container\">\n\t\t\t\t\t<h2 class=\"elementor-heading-title elementor-size-default\">Planes<\/h2>\t\t\t\t<\/div>\n\t\t\t\t<\/div>\n\t\t\t\t\t<\/div>\n\t\t<\/div>\n\t\t\t\t\t<\/div>\n\t\t<\/section>\n\t\t\t\t<section class=\"elementor-section elementor-top-section elementor-element elementor-element-8eebbfc elementor-section-boxed elementor-section-height-default elementor-section-height-default\" data-id=\"8eebbfc\" data-element_type=\"section\">\n\t\t\t\t\t\t<div class=\"elementor-container elementor-column-gap-default\">\n\t\t\t\t\t<div class=\"elementor-column elementor-col-50 elementor-top-column elementor-element elementor-element-84f1d7c\" data-id=\"84f1d7c\" data-element_type=\"column\" data-settings=\"{&quot;background_background&quot;:&quot;classic&quot;}\">\n\t\t\t<div class=\"elementor-widget-wrap elementor-element-populated\">\n\t\t\t\t\t\t<div class=\"elementor-element elementor-element-a260e95 elementor-widget elementor-widget-image\" data-id=\"a260e95\" data-element_type=\"widget\" data-widget_type=\"image.default\">\n\t\t\t\t<div class=\"elementor-widget-container\">\n\t\t\t\t\t\t\t\t\t\t\t\t\t\t\t<img decoding=\"async\" width=\"274\" height=\"300\" src=\"https:\/\/binsarg.com\/wp-content\/uploads\/2022\/01\/shopping-cart-shopping-cart-152462-274x300.png\" class=\"attachment-medium size-medium wp-image-1657\" alt=\"shopping cart, shopping, cart-152462.jpg\" srcset=\"https:\/\/binsarg.com\/wp-content\/uploads\/2022\/01\/shopping-cart-shopping-cart-152462-274x300.png 274w, https:\/\/binsarg.com\/wp-content\/uploads\/2022\/01\/shopping-cart-shopping-cart-152462-937x1024.png 937w, https:\/\/binsarg.com\/wp-content\/uploads\/2022\/01\/shopping-cart-shopping-cart-152462-768x839.png 768w, https:\/\/binsarg.com\/wp-content\/uploads\/2022\/01\/shopping-cart-shopping-cart-152462.png 1171w\" sizes=\"(max-width: 274px) 100vw, 274px\" \/>\t\t\t\t\t\t\t\t\t\t\t\t\t\t\t<\/div>\n\t\t\t\t<\/div>\n\t\t\t\t<div class=\"elementor-element elementor-element-25052fa elementor-widget elementor-widget-heading\" data-id=\"25052fa\" data-element_type=\"widget\" data-widget_type=\"heading.default\">\n\t\t\t\t<div class=\"elementor-widget-container\">\n\t\t\t\t\t<h2 class=\"elementor-heading-title elementor-size-default\">Plan Inicio<br><\/h2>\t\t\t\t<\/div>\n\t\t\t\t<\/div>\n\t\t\t\t<div class=\"elementor-element elementor-element-d1d0ed9 elementor-widget elementor-widget-text-editor\" data-id=\"d1d0ed9\" data-element_type=\"widget\" data-widget_type=\"text-editor.default\">\n\t\t\t\t<div class=\"elementor-widget-container\">\n\t\t\t\t\t\t\t\t\t<p><strong>$ 80.000.- Por \u00fanica vez.<\/strong><\/p><p><strong>$\u00a0 Mensual (opcional dependiendo de cantidad de productos)<\/strong><\/p><ul><li>Productos y categor\u00edas ilimitadas y autoadministrables.<\/li><li>\u00a0Gratis\u00a0plataforma de Pagos:<ul><li>\u2713 Mercado Pago.<\/li><li>Paypall<\/li><\/ul><\/li><li>\u00a0Dise\u00f1o adaptable a todos los dispositivos.<\/li><li>\u00a0Blog para publicar noticias. (Opcional)<\/li><li>\u00a0Quienes Somos\u00a0<\/li><li>\u00a0Formas de Pago\u00a0<\/li><li>\u00a0Formas de Entrega\u00a0<\/li><li>\u00a0Marcas &#8211;\u00a0<\/li><li>\u00a0Mapa del sitio\u00a0<\/li><li>\u00a0Slider del inicio\u00a0<\/li><li>\u00a0Buscador de productos incorporado.<\/li><li>\u00a0Enlaces a Redes Sociales + Compartir.<\/li><li>\u00a0Dise\u00f1o est\u00e9tico \u00fanico.<\/li><li>\u00a0Formulario de Contacto Directo.<\/li><li>\u00a0Asesoramiento permanente, estaremos ah\u00ed cuando nos necesites.<\/li><li>Autoadministrable: Significa que usted mismo desde un panel sencillo puede modificar todo el contenido mencionado, cargado productos\/categorias\/textos\/precios nuevos o eliminando actuales.(consultar carga a cargo Background Inside)<\/li><\/ul>\t\t\t\t\t\t\t\t<\/div>\n\t\t\t\t<\/div>\n\t\t\t\t\t<\/div>\n\t\t<\/div>\n\t\t\t\t<div class=\"elementor-column elementor-col-50 elementor-top-column elementor-element elementor-element-1a6f2c2\" data-id=\"1a6f2c2\" data-element_type=\"column\">\n\t\t\t<div class=\"elementor-widget-wrap\">\n\t\t\t\t\t\t\t<\/div>\n\t\t<\/div>\n\t\t\t\t\t<\/div>\n\t\t<\/section>\n\t\t\t\t<section class=\"elementor-section elementor-top-section elementor-element elementor-element-70859a0 elementor-section-boxed elementor-section-height-default elementor-section-height-default\" data-id=\"70859a0\" data-element_type=\"section\" data-settings=\"{&quot;background_background&quot;:&quot;classic&quot;}\">\n\t\t\t\t\t\t<div class=\"elementor-container elementor-column-gap-default\">\n\t\t\t\t\t<div class=\"elementor-column elementor-col-100 elementor-top-column elementor-element elementor-element-ea16208\" data-id=\"ea16208\" data-element_type=\"column\">\n\t\t\t<div class=\"elementor-widget-wrap elementor-element-populated\">\n\t\t\t\t\t\t<div class=\"elementor-element elementor-element-0f2c512 elementor-widget elementor-widget-text-editor\" data-id=\"0f2c512\" data-element_type=\"widget\" data-widget_type=\"text-editor.default\">\n\t\t\t\t<div class=\"elementor-widget-container\">\n\t\t\t\t\t\t\t\t\t<p>La valores tienen vigencia por 6 meses, terminado ese lapso se negociara entre las partes la renovaci\u00f3n del mismo.<\/p>\n<p>El dominio y el hosting se renuevan a los 12 meses (actualmente $ 14.000.- dominio y $ 16.000.- Hosting). En todos los planes est\u00e1n incluidos en forma gratuita por un a\u00f1o.<\/p>\t\t\t\t\t\t\t\t<\/div>\n\t\t\t\t<\/div>\n\t\t\t\t<div class=\"elementor-element elementor-element-114005e elementor-widget-divider--separator-type-pattern elementor-widget-divider--no-spacing elementor-widget-divider--view-line elementor-widget elementor-widget-divider\" data-id=\"114005e\" data-element_type=\"widget\" data-widget_type=\"divider.default\">\n\t\t\t\t<div class=\"elementor-widget-container\">\n\t\t\t\t\t\t\t<div class=\"elementor-divider\" style=\"--divider-pattern-url: url(&quot;data:image\/svg+xml,%3Csvg xmlns=&#039;http:\/\/www.w3.org\/2000\/svg&#039; preserveAspectRatio=&#039;none&#039; overflow=&#039;visible&#039; height=&#039;100%&#039; viewBox=&#039;0 0 24 24&#039; fill=&#039;black&#039; stroke=&#039;none&#039;%3E%3Cpath d=&#039;M24,8v12H0V8H24z M24,4v1H0V4H24z&#039;\/%3E%3C\/svg%3E&quot;);\">\n\t\t\t<span class=\"elementor-divider-separator\">\n\t\t\t\t\t\t<\/span>\n\t\t<\/div>\n\t\t\t\t\t\t<\/div>\n\t\t\t\t<\/div>\n\t\t\t\t\t<\/div>\n\t\t<\/div>\n\t\t\t\t\t<\/div>\n\t\t<\/section>\n\t\t\t\t<\/div>\n\t\t","protected":false},"excerpt":{"rendered":"<p>Tiendas on- line Tener una\u00a0tienda online o plataforma ecommerce con ventas online\u00a0hoy en d\u00eda es la soluci\u00f3n fundamental para comercios o personas que quieran\u00a0vender por internet\u00a0y llevar su negocio a sus clientes. Sitios que responden efectivamente en todos los dispositivos m\u00f3viles e integrados con pasarelas de cobro online como Mercado Pago, Todo Pago, Paypal, y&hellip;&nbsp;<a href=\"https:\/\/binsarg.com\/?page_id=1306\" rel=\"bookmark\">Leer m\u00e1s &raquo;<span class=\"screen-reader-text\">Tiendas on-line<\/span><\/a><\/p>\n","protected":false},"author":1,"featured_media":0,"parent":0,"menu_order":0,"comment_status":"closed","ping_status":"closed","template":"page-templates\/template-pagebuilder-full-width.php","meta":{"_monsterinsights_skip_tracking":false,"_monsterinsights_sitenote_active":false,"_monsterinsights_sitenote_note":"","_monsterinsights_sitenote_category":0,"neve_meta_sidebar":"","neve_meta_container":"","neve_meta_enable_content_width":"off","neve_meta_content_width":0,"neve_meta_title_alignment":"","neve_meta_author_avatar":"","neve_post_elements_order":"","neve_meta_disable_header":"","neve_meta_disable_footer":"","neve_meta_disable_title":"on","footnotes":""},"class_list":["post-1306","page","type-page","status-publish","hentry"],"aioseo_notices":[],"_links":{"self":[{"href":"https:\/\/binsarg.com\/index.php?rest_route=\/wp\/v2\/pages\/1306","targetHints":{"allow":["GET"]}}],"collection":[{"href":"https:\/\/binsarg.com\/index.php?rest_route=\/wp\/v2\/pages"}],"about":[{"href":"https:\/\/binsarg.com\/index.php?rest_route=\/wp\/v2\/types\/page"}],"author":[{"embeddable":true,"href":"https:\/\/binsarg.com\/index.php?rest_route=\/wp\/v2\/users\/1"}],"replies":[{"embeddable":true,"href":"https:\/\/binsarg.com\/index.php?rest_route=%2Fwp%2Fv2%2Fcomments&post=1306"}],"version-history":[{"count":28,"href":"https:\/\/binsarg.com\/index.php?rest_route=\/wp\/v2\/pages\/1306\/revisions"}],"predecessor-version":[{"id":1960,"href":"https:\/\/binsarg.com\/index.php?rest_route=\/wp\/v2\/pages\/1306\/revisions\/1960"}],"wp:attachment":[{"href":"https:\/\/binsarg.com\/index.php?rest_route=%2Fwp%2Fv2%2Fmedia&parent=1306"}],"curies":[{"name":"wp","href":"https:\/\/api.w.org\/{rel}","templated":true}]}}